{"id":3117,"date":"2023-10-14T15:43:42","date_gmt":"2023-10-14T13:43:42","guid":{"rendered":"https:\/\/paraisorealtulum.com\/land\/"},"modified":"2024-11-30T22:41:41","modified_gmt":"2024-11-30T21:41:41","slug":"terrenos","status":"publish","type":"page","link":"https:\/\/paraisorealtulum.com\/es\/terrenos\/","title":{"rendered":"TERRENOS"},"content":{"rendered":"<h2>Invierte en Terrenos: Seguro, Rentable y Lleno de Potencial<br \/>\n<span style=\"color: #b38f00;\">segura para ver crecer tu inversi\u00f3n de manera segura y r\u00e1pida.<\/span><\/h2>\n<p>Descubre la oportunidad de hacer crecer tu inversi\u00f3n en uno de los mercados inmobiliarios m\u00e1s din\u00e1micos de M\u00e9xico. Tulum y toda la regi\u00f3n de Quintana Roo est\u00e1n experimentando un crecimiento sin precedentes, con un aumento constante en el valor de las propiedades a\u00f1o tras a\u00f1o.<\/p>\n<p>Imagina poseer un terreno que cumpla tus sue\u00f1os: una propiedad con vista al mar, un oasis tranquilo rodeado de naturaleza, o un terreno privilegiado en zonas deseadas como Tulum, Aldea Zama o Playa del Carmen. Ya sea que planees construir una villa exclusiva, un condominio de lujo o un hotel boutique, invertir en terrenos aqu\u00ed es una elecci\u00f3n segura y altamente rentable.<\/p>\n<p>Te acompa\u00f1amos en cada paso del proceso: desde la compra hasta el dise\u00f1o, la obtenci\u00f3n de permisos de construcci\u00f3n y la colaboraci\u00f3n con constructores de confianza. Con nuestro apoyo integral y experiencia, tu visi\u00f3n se convierte en realidad.<\/p>\n<p><strong>El momento de invertir es ahora. Cont\u00e1ctanos hoy y descubre por qu\u00e9 Tulum es el futuro de tu inversi\u00f3n inmobiliaria.<\/strong><\/p>\n<p><strong>Paraiso Real Estate Tulum \u2013 Convirtiendo el Para\u00edso en Ganancias.<\/strong><\/p>\n","protected":false},"excerpt":{"rendered":"<p>Invierte en Terrenos: Seguro, Rentable y Lleno de Potencial segura&#8230;<\/p>\n","protected":false},"author":1,"featured_media":322,"parent":0,"menu_order":0,"comment_status":"closed","ping_status":"closed","template":"","meta":{"_acf_changed":false,"_uag_custom_page_level_css":"","footnotes":""},"class_list":["post-3117","page","type-page","status-publish","has-post-thumbnail","hentry"],"acf":[],"yoast_head":"<!-- This site is optimized with the Yoast SEO plugin v27.3 - https:\/\/yoast.com\/product\/yoast-seo-wordpress\/ -->\n<title>TERRENOS - Paraiso Real Estate Tulum<\/title>\n<meta name=\"robots\" content=\"index, follow, max-snippet:-1, max-image-preview:large, max-video-preview:-1\" \/>\n<link rel=\"canonical\" href=\"https:\/\/paraisorealtulum.com\/es\/terrenos\/\" \/>\n<meta property=\"og:locale\" content=\"es_ES\" \/>\n<meta property=\"og:type\" content=\"article\" \/>\n<meta property=\"og:title\" content=\"TERRENOS - Paraiso Real Estate Tulum\" \/>\n<meta property=\"og:description\" content=\"Invierte en Terrenos: Seguro, Rentable y Lleno de Potencial segura...\" \/>\n<meta property=\"og:url\" content=\"https:\/\/paraisorealtulum.com\/es\/terrenos\/\" \/>\n<meta property=\"og:site_name\" content=\"Paraiso Real Estate Tulum\" \/>\n<meta property=\"article:publisher\" content=\"https:\/\/www.facebook.com\/paraisorealtulum\" \/>\n<meta property=\"article:modified_time\" content=\"2024-11-30T21:41:41+00:00\" \/>\n<meta property=\"og:image\" content=\"https:\/\/paraisorealtulum.com\/wp-content\/uploads\/2023\/10\/sea.jpg\" \/>\n\t<meta property=\"og:image:width\" content=\"1800\" \/>\n\t<meta property=\"og:image:height\" content=\"1200\" \/>\n\t<meta property=\"og:image:type\" content=\"image\/jpeg\" \/>\n<meta name=\"twitter:card\" content=\"summary_large_image\" \/>\n<meta name=\"twitter:label1\" content=\"Tiempo de lectura\" \/>\n\t<meta name=\"twitter:data1\" content=\"1 minuto\" \/>\n<script type=\"application\/ld+json\" class=\"yoast-schema-graph\">{\"@context\":\"https:\\\/\\\/schema.org\",\"@graph\":[{\"@type\":\"WebPage\",\"@id\":\"https:\\\/\\\/paraisorealtulum.com\\\/es\\\/terrenos\\\/\",\"url\":\"https:\\\/\\\/paraisorealtulum.com\\\/es\\\/terrenos\\\/\",\"name\":\"TERRENOS - Paraiso Real Estate Tulum\",\"isPartOf\":{\"@id\":\"https:\\\/\\\/paraisorealtulum.com\\\/#website\"},\"primaryImageOfPage\":{\"@id\":\"https:\\\/\\\/paraisorealtulum.com\\\/es\\\/terrenos\\\/#primaryimage\"},\"image\":{\"@id\":\"https:\\\/\\\/paraisorealtulum.com\\\/es\\\/terrenos\\\/#primaryimage\"},\"thumbnailUrl\":\"https:\\\/\\\/paraisorealtulum.com\\\/wp-content\\\/uploads\\\/2023\\\/10\\\/sea.jpg\",\"datePublished\":\"2023-10-14T13:43:42+00:00\",\"dateModified\":\"2024-11-30T21:41:41+00:00\",\"breadcrumb\":{\"@id\":\"https:\\\/\\\/paraisorealtulum.com\\\/es\\\/terrenos\\\/#breadcrumb\"},\"inLanguage\":\"es\",\"potentialAction\":[{\"@type\":\"ReadAction\",\"target\":[\"https:\\\/\\\/paraisorealtulum.com\\\/es\\\/terrenos\\\/\"]}]},{\"@type\":\"ImageObject\",\"inLanguage\":\"es\",\"@id\":\"https:\\\/\\\/paraisorealtulum.com\\\/es\\\/terrenos\\\/#primaryimage\",\"url\":\"https:\\\/\\\/paraisorealtulum.com\\\/wp-content\\\/uploads\\\/2023\\\/10\\\/sea.jpg\",\"contentUrl\":\"https:\\\/\\\/paraisorealtulum.com\\\/wp-content\\\/uploads\\\/2023\\\/10\\\/sea.jpg\",\"width\":1800,\"height\":1200},{\"@type\":\"BreadcrumbList\",\"@id\":\"https:\\\/\\\/paraisorealtulum.com\\\/es\\\/terrenos\\\/#breadcrumb\",\"itemListElement\":[{\"@type\":\"ListItem\",\"position\":1,\"name\":\"Home\",\"item\":\"https:\\\/\\\/paraisorealtulum.com\\\/es\\\/\"},{\"@type\":\"ListItem\",\"position\":2,\"name\":\"TERRENOS\"}]},{\"@type\":\"WebSite\",\"@id\":\"https:\\\/\\\/paraisorealtulum.com\\\/#website\",\"url\":\"https:\\\/\\\/paraisorealtulum.com\\\/\",\"name\":\"Paraiso Real Estate Tulum\",\"description\":\"\",\"publisher\":{\"@id\":\"https:\\\/\\\/paraisorealtulum.com\\\/#organization\"},\"potentialAction\":[{\"@type\":\"SearchAction\",\"target\":{\"@type\":\"EntryPoint\",\"urlTemplate\":\"https:\\\/\\\/paraisorealtulum.com\\\/?s={search_term_string}\"},\"query-input\":{\"@type\":\"PropertyValueSpecification\",\"valueRequired\":true,\"valueName\":\"search_term_string\"}}],\"inLanguage\":\"es\"},{\"@type\":\"Organization\",\"@id\":\"https:\\\/\\\/paraisorealtulum.com\\\/#organization\",\"name\":\"Paraiso Real Estate Tulum\",\"url\":\"https:\\\/\\\/paraisorealtulum.com\\\/\",\"logo\":{\"@type\":\"ImageObject\",\"inLanguage\":\"es\",\"@id\":\"https:\\\/\\\/paraisorealtulum.com\\\/#\\\/schema\\\/logo\\\/image\\\/\",\"url\":\"https:\\\/\\\/paraisorealtulum.com\\\/wp-content\\\/uploads\\\/2025\\\/12\\\/PRS-2.png\",\"contentUrl\":\"https:\\\/\\\/paraisorealtulum.com\\\/wp-content\\\/uploads\\\/2025\\\/12\\\/PRS-2.png\",\"width\":404,\"height\":422,\"caption\":\"Paraiso Real Estate Tulum\"},\"image\":{\"@id\":\"https:\\\/\\\/paraisorealtulum.com\\\/#\\\/schema\\\/logo\\\/image\\\/\"},\"sameAs\":[\"https:\\\/\\\/www.facebook.com\\\/paraisorealtulum\",\"https:\\\/\\\/www.instagram.com\\\/paraisorealestatetulum\\\/\"]}]}<\/script>\n<!-- \/ Yoast SEO plugin. -->","yoast_head_json":{"title":"TERRENOS - Paraiso Real Estate Tulum","robots":{"index":"index","follow":"follow","max-snippet":"max-snippet:-1","max-image-preview":"max-image-preview:large","max-video-preview":"max-video-preview:-1"},"canonical":"https:\/\/paraisorealtulum.com\/es\/terrenos\/","og_locale":"es_ES","og_type":"article","og_title":"TERRENOS - Paraiso Real Estate Tulum","og_description":"Invierte en Terrenos: Seguro, Rentable y Lleno de Potencial segura...","og_url":"https:\/\/paraisorealtulum.com\/es\/terrenos\/","og_site_name":"Paraiso Real Estate Tulum","article_publisher":"https:\/\/www.facebook.com\/paraisorealtulum","article_modified_time":"2024-11-30T21:41:41+00:00","og_image":[{"width":1800,"height":1200,"url":"https:\/\/paraisorealtulum.com\/wp-content\/uploads\/2023\/10\/sea.jpg","type":"image\/jpeg"}],"twitter_card":"summary_large_image","twitter_misc":{"Tiempo de lectura":"1 minuto"},"schema":{"@context":"https:\/\/schema.org","@graph":[{"@type":"WebPage","@id":"https:\/\/paraisorealtulum.com\/es\/terrenos\/","url":"https:\/\/paraisorealtulum.com\/es\/terrenos\/","name":"TERRENOS - Paraiso Real Estate Tulum","isPartOf":{"@id":"https:\/\/paraisorealtulum.com\/#website"},"primaryImageOfPage":{"@id":"https:\/\/paraisorealtulum.com\/es\/terrenos\/#primaryimage"},"image":{"@id":"https:\/\/paraisorealtulum.com\/es\/terrenos\/#primaryimage"},"thumbnailUrl":"https:\/\/paraisorealtulum.com\/wp-content\/uploads\/2023\/10\/sea.jpg","datePublished":"2023-10-14T13:43:42+00:00","dateModified":"2024-11-30T21:41:41+00:00","breadcrumb":{"@id":"https:\/\/paraisorealtulum.com\/es\/terrenos\/#breadcrumb"},"inLanguage":"es","potentialAction":[{"@type":"ReadAction","target":["https:\/\/paraisorealtulum.com\/es\/terrenos\/"]}]},{"@type":"ImageObject","inLanguage":"es","@id":"https:\/\/paraisorealtulum.com\/es\/terrenos\/#primaryimage","url":"https:\/\/paraisorealtulum.com\/wp-content\/uploads\/2023\/10\/sea.jpg","contentUrl":"https:\/\/paraisorealtulum.com\/wp-content\/uploads\/2023\/10\/sea.jpg","width":1800,"height":1200},{"@type":"BreadcrumbList","@id":"https:\/\/paraisorealtulum.com\/es\/terrenos\/#breadcrumb","itemListElement":[{"@type":"ListItem","position":1,"name":"Home","item":"https:\/\/paraisorealtulum.com\/es\/"},{"@type":"ListItem","position":2,"name":"TERRENOS"}]},{"@type":"WebSite","@id":"https:\/\/paraisorealtulum.com\/#website","url":"https:\/\/paraisorealtulum.com\/","name":"Paraiso Real Estate Tulum","description":"","publisher":{"@id":"https:\/\/paraisorealtulum.com\/#organization"},"potentialAction":[{"@type":"SearchAction","target":{"@type":"EntryPoint","urlTemplate":"https:\/\/paraisorealtulum.com\/?s={search_term_string}"},"query-input":{"@type":"PropertyValueSpecification","valueRequired":true,"valueName":"search_term_string"}}],"inLanguage":"es"},{"@type":"Organization","@id":"https:\/\/paraisorealtulum.com\/#organization","name":"Paraiso Real Estate Tulum","url":"https:\/\/paraisorealtulum.com\/","logo":{"@type":"ImageObject","inLanguage":"es","@id":"https:\/\/paraisorealtulum.com\/#\/schema\/logo\/image\/","url":"https:\/\/paraisorealtulum.com\/wp-content\/uploads\/2025\/12\/PRS-2.png","contentUrl":"https:\/\/paraisorealtulum.com\/wp-content\/uploads\/2025\/12\/PRS-2.png","width":404,"height":422,"caption":"Paraiso Real Estate Tulum"},"image":{"@id":"https:\/\/paraisorealtulum.com\/#\/schema\/logo\/image\/"},"sameAs":["https:\/\/www.facebook.com\/paraisorealtulum","https:\/\/www.instagram.com\/paraisorealestatetulum\/"]}]}},"uagb_featured_image_src":{"full":["https:\/\/paraisorealtulum.com\/wp-content\/uploads\/2023\/10\/sea.jpg",1800,1200,false],"thumbnail":["https:\/\/paraisorealtulum.com\/wp-content\/uploads\/2023\/10\/sea-150x150.jpg",150,150,true],"medium":["https:\/\/paraisorealtulum.com\/wp-content\/uploads\/2023\/10\/sea-300x200.jpg",300,200,true],"medium_large":["https:\/\/paraisorealtulum.com\/wp-content\/uploads\/2023\/10\/sea-768x512.jpg",768,512,true],"large":["https:\/\/paraisorealtulum.com\/wp-content\/uploads\/2023\/10\/sea-1024x683.jpg",1024,683,true],"1536x1536":["https:\/\/paraisorealtulum.com\/wp-content\/uploads\/2023\/10\/sea-1536x1024.jpg",1536,1024,true],"2048x2048":["https:\/\/paraisorealtulum.com\/wp-content\/uploads\/2023\/10\/sea.jpg",1800,1200,false],"property":["https:\/\/paraisorealtulum.com\/wp-content\/uploads\/2023\/10\/sea-500x320.jpg",500,320,true],"post-thumbnail":["https:\/\/paraisorealtulum.com\/wp-content\/uploads\/2023\/10\/sea-125x125.jpg",125,125,true]},"uagb_author_info":{"display_name":"Amministratore","author_link":"https:\/\/paraisorealtulum.com\/es\/author\/amministratore\/"},"uagb_comment_info":0,"uagb_excerpt":"Invierte en Terrenos: Seguro, Rentable y Lleno de Potencial segura...","_links":{"self":[{"href":"https:\/\/paraisorealtulum.com\/es\/wp-json\/wp\/v2\/pages\/3117","targetHints":{"allow":["GET"]}}],"collection":[{"href":"https:\/\/paraisorealtulum.com\/es\/wp-json\/wp\/v2\/pages"}],"about":[{"href":"https:\/\/paraisorealtulum.com\/es\/wp-json\/wp\/v2\/types\/page"}],"author":[{"embeddable":true,"href":"https:\/\/paraisorealtulum.com\/es\/wp-json\/wp\/v2\/users\/1"}],"replies":[{"embeddable":true,"href":"https:\/\/paraisorealtulum.com\/es\/wp-json\/wp\/v2\/comments?post=3117"}],"version-history":[{"count":20,"href":"https:\/\/paraisorealtulum.com\/es\/wp-json\/wp\/v2\/pages\/3117\/revisions"}],"predecessor-version":[{"id":6509,"href":"https:\/\/paraisorealtulum.com\/es\/wp-json\/wp\/v2\/pages\/3117\/revisions\/6509"}],"wp:featuredmedia":[{"embeddable":true,"href":"https:\/\/paraisorealtulum.com\/es\/wp-json\/wp\/v2\/media\/322"}],"wp:attachment":[{"href":"https:\/\/paraisorealtulum.com\/es\/wp-json\/wp\/v2\/media?parent=3117"}],"curies":[{"name":"wp","href":"https:\/\/api.w.org\/{rel}","templated":true}]}}