{"id":8409,"date":"2026-04-06T16:02:17","date_gmt":"2026-04-06T14:02:17","guid":{"rendered":"https:\/\/paraisorealtulum.com\/?page_id=8409"},"modified":"2026-04-06T16:10:10","modified_gmt":"2026-04-06T14:10:10","slug":"paraiso-bienes-reales-tulum-exclusivo-frente-a-la-playa-cenote-inversiones-terrenos","status":"publish","type":"page","link":"https:\/\/paraisorealtulum.com\/es\/paraiso-bienes-reales-tulum-exclusivo-frente-a-la-playa-cenote-inversiones-terrenos\/","title":{"rendered":"Lotes premium"},"content":{"rendered":"\n<h2 class=\"wp-block-heading\"><strong>Terrenos en venta en Tulum | Lotes premium para inversi\u00f3n y desarrollo<\/strong><\/h2>\n\n\n\n<p><strong>Descubra las mejores oportunidades de terrenos en las zonas de mayor crecimiento de Tulum.<\/strong><\/p>\n\n\n\n<p>Explore lotes residenciales y para desarrollo, frente al mar o con cenote privado, y \u00e1reas de inversi\u00f3n emergentes. Ideales para villas, hoteles boutique y proyectos inmobiliarios con alto potencial de retorno de inversi\u00f3n.<\/p>\n\n\n\n<p>En Para\u00edso Real Estate, lo guiamos durante todo el proceso de adquisici\u00f3n: desde la selecci\u00f3n de la propiedad y la debida diligencia hasta la estructuraci\u00f3n legal y la asesor\u00eda fiscal para compradores extranjeros.<\/p>\n","protected":false},"excerpt":{"rendered":"<p>Terrenos en venta en Tulum | Lotes premium para inversi\u00f3n&#8230;<\/p>\n","protected":false},"author":1,"featured_media":8126,"parent":0,"menu_order":0,"comment_status":"closed","ping_status":"closed","template":"","meta":{"_acf_changed":false,"footnotes":""},"class_list":["post-8409","page","type-page","status-publish","has-post-thumbnail","hentry"],"acf":[],"yoast_head":"<!-- This site is optimized with the Yoast SEO plugin v27.3 - https:\/\/yoast.com\/product\/yoast-seo-wordpress\/ -->\n<title>Lotes premium - Paraiso Real Estate Tulum<\/title>\n<meta name=\"description\" content=\"Invierta en las propiedades m\u00e1s exclusivas de Tulum. Descubra terrenos de primera categor\u00eda frente al mar, lotes con cenotes privados y oportunidades comerciales de alta densidad con Paraiso Real Estate. Asegure su legado en la Riviera Maya hoy mismo.\" \/>\n<meta name=\"robots\" content=\"index, follow, max-snippet:-1, max-image-preview:large, max-video-preview:-1\" \/>\n<link rel=\"canonical\" href=\"https:\/\/paraisorealtulum.com\/es\/paraiso-bienes-reales-tulum-exclusivo-frente-a-la-playa-cenote-inversiones-terrenos\/\" \/>\n<meta property=\"og:locale\" content=\"es_ES\" \/>\n<meta property=\"og:type\" content=\"article\" \/>\n<meta property=\"og:title\" content=\"Lotes premium - Paraiso Real Estate Tulum\" \/>\n<meta property=\"og:description\" content=\"Invierta en las propiedades m\u00e1s exclusivas de Tulum. Descubra terrenos de primera categor\u00eda frente al mar, lotes con cenotes privados y oportunidades comerciales de alta densidad con Paraiso Real Estate. Asegure su legado en la Riviera Maya hoy mismo.\" \/>\n<meta property=\"og:url\" content=\"https:\/\/paraisorealtulum.com\/es\/paraiso-bienes-reales-tulum-exclusivo-frente-a-la-playa-cenote-inversiones-terrenos\/\" \/>\n<meta property=\"og:site_name\" content=\"Paraiso Real Estate Tulum\" \/>\n<meta property=\"article:publisher\" content=\"https:\/\/www.facebook.com\/paraisorealtulum\" \/>\n<meta property=\"article:modified_time\" content=\"2026-04-06T14:10:10+00:00\" \/>\n<meta property=\"og:image\" content=\"https:\/\/paraisorealtulum.com\/wp-content\/uploads\/2026\/03\/tulum11.png\" \/>\n\t<meta property=\"og:image:width\" content=\"1024\" \/>\n\t<meta property=\"og:image:height\" content=\"1024\" \/>\n\t<meta property=\"og:image:type\" content=\"image\/png\" \/>\n<meta name=\"twitter:card\" content=\"summary_large_image\" \/>\n<script type=\"application\/ld+json\" class=\"yoast-schema-graph\">{\"@context\":\"https:\\\/\\\/schema.org\",\"@graph\":[{\"@type\":\"WebPage\",\"@id\":\"https:\\\/\\\/paraisorealtulum.com\\\/es\\\/paraiso-bienes-reales-tulum-exclusivo-frente-a-la-playa-cenote-inversiones-terrenos\\\/\",\"url\":\"https:\\\/\\\/paraisorealtulum.com\\\/es\\\/paraiso-bienes-reales-tulum-exclusivo-frente-a-la-playa-cenote-inversiones-terrenos\\\/\",\"name\":\"Lotes premium - Paraiso Real Estate Tulum\",\"isPartOf\":{\"@id\":\"https:\\\/\\\/paraisorealtulum.com\\\/#website\"},\"primaryImageOfPage\":{\"@id\":\"https:\\\/\\\/paraisorealtulum.com\\\/es\\\/paraiso-bienes-reales-tulum-exclusivo-frente-a-la-playa-cenote-inversiones-terrenos\\\/#primaryimage\"},\"image\":{\"@id\":\"https:\\\/\\\/paraisorealtulum.com\\\/es\\\/paraiso-bienes-reales-tulum-exclusivo-frente-a-la-playa-cenote-inversiones-terrenos\\\/#primaryimage\"},\"thumbnailUrl\":\"https:\\\/\\\/paraisorealtulum.com\\\/wp-content\\\/uploads\\\/2026\\\/03\\\/tulum11.png\",\"datePublished\":\"2026-04-06T14:02:17+00:00\",\"dateModified\":\"2026-04-06T14:10:10+00:00\",\"description\":\"Invierta en las propiedades m\u00e1s exclusivas de Tulum. Descubra terrenos de primera categor\u00eda frente al mar, lotes con cenotes privados y oportunidades comerciales de alta densidad con Paraiso Real Estate. Asegure su legado en la Riviera Maya hoy mismo.\",\"breadcrumb\":{\"@id\":\"https:\\\/\\\/paraisorealtulum.com\\\/es\\\/paraiso-bienes-reales-tulum-exclusivo-frente-a-la-playa-cenote-inversiones-terrenos\\\/#breadcrumb\"},\"inLanguage\":\"es\",\"potentialAction\":[{\"@type\":\"ReadAction\",\"target\":[\"https:\\\/\\\/paraisorealtulum.com\\\/es\\\/paraiso-bienes-reales-tulum-exclusivo-frente-a-la-playa-cenote-inversiones-terrenos\\\/\"]}]},{\"@type\":\"ImageObject\",\"inLanguage\":\"es\",\"@id\":\"https:\\\/\\\/paraisorealtulum.com\\\/es\\\/paraiso-bienes-reales-tulum-exclusivo-frente-a-la-playa-cenote-inversiones-terrenos\\\/#primaryimage\",\"url\":\"https:\\\/\\\/paraisorealtulum.com\\\/wp-content\\\/uploads\\\/2026\\\/03\\\/tulum11.png\",\"contentUrl\":\"https:\\\/\\\/paraisorealtulum.com\\\/wp-content\\\/uploads\\\/2026\\\/03\\\/tulum11.png\",\"width\":1024,\"height\":1024},{\"@type\":\"BreadcrumbList\",\"@id\":\"https:\\\/\\\/paraisorealtulum.com\\\/es\\\/paraiso-bienes-reales-tulum-exclusivo-frente-a-la-playa-cenote-inversiones-terrenos\\\/#breadcrumb\",\"itemListElement\":[{\"@type\":\"ListItem\",\"position\":1,\"name\":\"Home\",\"item\":\"https:\\\/\\\/paraisorealtulum.com\\\/es\\\/\"},{\"@type\":\"ListItem\",\"position\":2,\"name\":\"Lotes premium\"}]},{\"@type\":\"WebSite\",\"@id\":\"https:\\\/\\\/paraisorealtulum.com\\\/#website\",\"url\":\"https:\\\/\\\/paraisorealtulum.com\\\/\",\"name\":\"Paraiso Real Estate Tulum\",\"description\":\"\",\"publisher\":{\"@id\":\"https:\\\/\\\/paraisorealtulum.com\\\/#organization\"},\"potentialAction\":[{\"@type\":\"SearchAction\",\"target\":{\"@type\":\"EntryPoint\",\"urlTemplate\":\"https:\\\/\\\/paraisorealtulum.com\\\/?s={search_term_string}\"},\"query-input\":{\"@type\":\"PropertyValueSpecification\",\"valueRequired\":true,\"valueName\":\"search_term_string\"}}],\"inLanguage\":\"es\"},{\"@type\":\"Organization\",\"@id\":\"https:\\\/\\\/paraisorealtulum.com\\\/#organization\",\"name\":\"Paraiso Real Estate Tulum\",\"url\":\"https:\\\/\\\/paraisorealtulum.com\\\/\",\"logo\":{\"@type\":\"ImageObject\",\"inLanguage\":\"es\",\"@id\":\"https:\\\/\\\/paraisorealtulum.com\\\/#\\\/schema\\\/logo\\\/image\\\/\",\"url\":\"https:\\\/\\\/paraisorealtulum.com\\\/wp-content\\\/uploads\\\/2025\\\/12\\\/PRS-2.png\",\"contentUrl\":\"https:\\\/\\\/paraisorealtulum.com\\\/wp-content\\\/uploads\\\/2025\\\/12\\\/PRS-2.png\",\"width\":404,\"height\":422,\"caption\":\"Paraiso Real Estate Tulum\"},\"image\":{\"@id\":\"https:\\\/\\\/paraisorealtulum.com\\\/#\\\/schema\\\/logo\\\/image\\\/\"},\"sameAs\":[\"https:\\\/\\\/www.facebook.com\\\/paraisorealtulum\",\"https:\\\/\\\/www.instagram.com\\\/paraisorealestatetulum\\\/\"]}]}<\/script>\n<!-- \/ Yoast SEO plugin. -->","yoast_head_json":{"title":"Lotes premium - Paraiso Real Estate Tulum","description":"Invierta en las propiedades m\u00e1s exclusivas de Tulum. Descubra terrenos de primera categor\u00eda frente al mar, lotes con cenotes privados y oportunidades comerciales de alta densidad con Paraiso Real Estate. Asegure su legado en la Riviera Maya hoy mismo.","robots":{"index":"index","follow":"follow","max-snippet":"max-snippet:-1","max-image-preview":"max-image-preview:large","max-video-preview":"max-video-preview:-1"},"canonical":"https:\/\/paraisorealtulum.com\/es\/paraiso-bienes-reales-tulum-exclusivo-frente-a-la-playa-cenote-inversiones-terrenos\/","og_locale":"es_ES","og_type":"article","og_title":"Lotes premium - Paraiso Real Estate Tulum","og_description":"Invierta en las propiedades m\u00e1s exclusivas de Tulum. Descubra terrenos de primera categor\u00eda frente al mar, lotes con cenotes privados y oportunidades comerciales de alta densidad con Paraiso Real Estate. Asegure su legado en la Riviera Maya hoy mismo.","og_url":"https:\/\/paraisorealtulum.com\/es\/paraiso-bienes-reales-tulum-exclusivo-frente-a-la-playa-cenote-inversiones-terrenos\/","og_site_name":"Paraiso Real Estate Tulum","article_publisher":"https:\/\/www.facebook.com\/paraisorealtulum","article_modified_time":"2026-04-06T14:10:10+00:00","og_image":[{"url":"https:\/\/paraisorealtulum.com\/wp-content\/uploads\/2026\/03\/tulum11.png","width":1024,"height":1024,"type":"image\/png"}],"twitter_card":"summary_large_image","schema":{"@context":"https:\/\/schema.org","@graph":[{"@type":"WebPage","@id":"https:\/\/paraisorealtulum.com\/es\/paraiso-bienes-reales-tulum-exclusivo-frente-a-la-playa-cenote-inversiones-terrenos\/","url":"https:\/\/paraisorealtulum.com\/es\/paraiso-bienes-reales-tulum-exclusivo-frente-a-la-playa-cenote-inversiones-terrenos\/","name":"Lotes premium - Paraiso Real Estate Tulum","isPartOf":{"@id":"https:\/\/paraisorealtulum.com\/#website"},"primaryImageOfPage":{"@id":"https:\/\/paraisorealtulum.com\/es\/paraiso-bienes-reales-tulum-exclusivo-frente-a-la-playa-cenote-inversiones-terrenos\/#primaryimage"},"image":{"@id":"https:\/\/paraisorealtulum.com\/es\/paraiso-bienes-reales-tulum-exclusivo-frente-a-la-playa-cenote-inversiones-terrenos\/#primaryimage"},"thumbnailUrl":"https:\/\/paraisorealtulum.com\/wp-content\/uploads\/2026\/03\/tulum11.png","datePublished":"2026-04-06T14:02:17+00:00","dateModified":"2026-04-06T14:10:10+00:00","description":"Invierta en las propiedades m\u00e1s exclusivas de Tulum. Descubra terrenos de primera categor\u00eda frente al mar, lotes con cenotes privados y oportunidades comerciales de alta densidad con Paraiso Real Estate. Asegure su legado en la Riviera Maya hoy mismo.","breadcrumb":{"@id":"https:\/\/paraisorealtulum.com\/es\/paraiso-bienes-reales-tulum-exclusivo-frente-a-la-playa-cenote-inversiones-terrenos\/#breadcrumb"},"inLanguage":"es","potentialAction":[{"@type":"ReadAction","target":["https:\/\/paraisorealtulum.com\/es\/paraiso-bienes-reales-tulum-exclusivo-frente-a-la-playa-cenote-inversiones-terrenos\/"]}]},{"@type":"ImageObject","inLanguage":"es","@id":"https:\/\/paraisorealtulum.com\/es\/paraiso-bienes-reales-tulum-exclusivo-frente-a-la-playa-cenote-inversiones-terrenos\/#primaryimage","url":"https:\/\/paraisorealtulum.com\/wp-content\/uploads\/2026\/03\/tulum11.png","contentUrl":"https:\/\/paraisorealtulum.com\/wp-content\/uploads\/2026\/03\/tulum11.png","width":1024,"height":1024},{"@type":"BreadcrumbList","@id":"https:\/\/paraisorealtulum.com\/es\/paraiso-bienes-reales-tulum-exclusivo-frente-a-la-playa-cenote-inversiones-terrenos\/#breadcrumb","itemListElement":[{"@type":"ListItem","position":1,"name":"Home","item":"https:\/\/paraisorealtulum.com\/es\/"},{"@type":"ListItem","position":2,"name":"Lotes premium"}]},{"@type":"WebSite","@id":"https:\/\/paraisorealtulum.com\/#website","url":"https:\/\/paraisorealtulum.com\/","name":"Paraiso Real Estate Tulum","description":"","publisher":{"@id":"https:\/\/paraisorealtulum.com\/#organization"},"potentialAction":[{"@type":"SearchAction","target":{"@type":"EntryPoint","urlTemplate":"https:\/\/paraisorealtulum.com\/?s={search_term_string}"},"query-input":{"@type":"PropertyValueSpecification","valueRequired":true,"valueName":"search_term_string"}}],"inLanguage":"es"},{"@type":"Organization","@id":"https:\/\/paraisorealtulum.com\/#organization","name":"Paraiso Real Estate Tulum","url":"https:\/\/paraisorealtulum.com\/","logo":{"@type":"ImageObject","inLanguage":"es","@id":"https:\/\/paraisorealtulum.com\/#\/schema\/logo\/image\/","url":"https:\/\/paraisorealtulum.com\/wp-content\/uploads\/2025\/12\/PRS-2.png","contentUrl":"https:\/\/paraisorealtulum.com\/wp-content\/uploads\/2025\/12\/PRS-2.png","width":404,"height":422,"caption":"Paraiso Real Estate Tulum"},"image":{"@id":"https:\/\/paraisorealtulum.com\/#\/schema\/logo\/image\/"},"sameAs":["https:\/\/www.facebook.com\/paraisorealtulum","https:\/\/www.instagram.com\/paraisorealestatetulum\/"]}]}},"_links":{"self":[{"href":"https:\/\/paraisorealtulum.com\/es\/wp-json\/wp\/v2\/pages\/8409","targetHints":{"allow":["GET"]}}],"collection":[{"href":"https:\/\/paraisorealtulum.com\/es\/wp-json\/wp\/v2\/pages"}],"about":[{"href":"https:\/\/paraisorealtulum.com\/es\/wp-json\/wp\/v2\/types\/page"}],"author":[{"embeddable":true,"href":"https:\/\/paraisorealtulum.com\/es\/wp-json\/wp\/v2\/users\/1"}],"replies":[{"embeddable":true,"href":"https:\/\/paraisorealtulum.com\/es\/wp-json\/wp\/v2\/comments?post=8409"}],"version-history":[{"count":4,"href":"https:\/\/paraisorealtulum.com\/es\/wp-json\/wp\/v2\/pages\/8409\/revisions"}],"predecessor-version":[{"id":8417,"href":"https:\/\/paraisorealtulum.com\/es\/wp-json\/wp\/v2\/pages\/8409\/revisions\/8417"}],"wp:featuredmedia":[{"embeddable":true,"href":"https:\/\/paraisorealtulum.com\/es\/wp-json\/wp\/v2\/media\/8126"}],"wp:attachment":[{"href":"https:\/\/paraisorealtulum.com\/es\/wp-json\/wp\/v2\/media?parent=8409"}],"curies":[{"name":"wp","href":"https:\/\/api.w.org\/{rel}","templated":true}]}}